{"id":63,"date":"2023-05-04T14:35:56","date_gmt":"2023-05-04T14:35:56","guid":{"rendered":"https:\/\/rzeszewski.org\/?page_id=63"},"modified":"2024-08-25T08:00:53","modified_gmt":"2024-08-25T08:00:53","slug":"projects","status":"publish","type":"page","link":"https:\/\/rzeszewski.org\/index.php\/projects\/","title":{"rendered":"Projects"},"content":{"rendered":"\n<p>Current and past&nbsp;projects&nbsp;that I\u2019ve either lead as a PI or played a major role.<\/p>\n\n\n\n<h3 class=\"wp-block-heading\"><mark style=\"background-color:rgba(0, 0, 0, 0)\" class=\"has-inline-color has-main-2-color\">Current projects<\/mark> <\/h3>\n\n\n\n<ol class=\"wp-block-list\">\n<li><strong>METACITY: Reimagining Digital Urban Public Spaces with Social Virtual Reality and Urban Digital Twins<\/strong> NCN 2023\/51\/B\/HS4\/00581 &#8211; We&#8217;ve just started &#8211; link for the website  will be here soon! 2024+<\/li>\n\n\n\n<li style=\"font-size:16px\"><a href=\"http:\/\/augmentedcity.amu.edu.pl\/\" data-type=\"URL\" data-id=\"http:\/\/augmentedcity.amu.edu.pl\/\"><strong>Space-software-human: augmented reality of the smart city,<\/strong><\/a> NCN nr 2019\/33\/B\/HS4\/00057, 2020+<\/li>\n<\/ol>\n\n\n\n<figure class=\"wp-block-image size-large\"><a href=\"http:\/\/augmentedcity.amu.edu.pl\/\"><img loading=\"lazy\" decoding=\"async\" width=\"1024\" height=\"209\" src=\"https:\/\/rzeszewski.org\/wp-content\/uploads\/2023\/05\/image-1024x209.png\" alt=\"\" class=\"wp-image-106\" srcset=\"https:\/\/rzeszewski.org\/wp-content\/uploads\/2023\/05\/image-1024x209.png 1024w, https:\/\/rzeszewski.org\/wp-content\/uploads\/2023\/05\/image-300x61.png 300w, https:\/\/rzeszewski.org\/wp-content\/uploads\/2023\/05\/image-768x157.png 768w, https:\/\/rzeszewski.org\/wp-content\/uploads\/2023\/05\/image-1536x314.png 1536w, https:\/\/rzeszewski.org\/wp-content\/uploads\/2023\/05\/image-1140x233.png 1140w, https:\/\/rzeszewski.org\/wp-content\/uploads\/2023\/05\/image.png 2048w\" sizes=\"auto, (max-width: 1024px) 100vw, 1024px\" \/><\/a><\/figure>\n\n\n\n<h3 class=\"wp-block-heading\"><mark style=\"background-color:rgba(0, 0, 0, 0)\" class=\"has-inline-color has-main-2-color\">Past projects<\/mark> <\/h3>\n\n\n\n<ol class=\"wp-block-list\">\n<li style=\"font-size:16px\"><strong>Wirtualna Rzeczywisto\u015b\u0107 jako bezpieczna przestrze\u0144 spo\u0142eczna w czasie pandemii<\/strong>, UAM, 2020-21 (<em>Principal Investigator<\/em>)<\/li>\n\n\n\n<li style=\"font-size:16px\"><strong>Cyberspace or augmented reality &#8211; spatial dimension of new media as a digital layer of palimpsest of place<\/strong> , NCN nr 2015\/17\/D\/HS4\/00272, 2016-2018 <em>Principal Investigator<\/em>)<\/li>\n\n\n\n<li style=\"font-size:16px\"><strong>Interdyscyplinarny framework umo\u017cliwiaj\u0105cy budow\u0119 interdyscyplinarnej, zdalnej platformy badawczej w oparciu o system webGIS, zapewniaj\u0105cy funkcjonalno\u015b\u0107 geoprzetwarzania<\/strong>, NCN, nr 0715\/B\/P01\/2011\/40, 2011-2013 (<em>Principal Investigator<\/em>)<\/li>\n\n\n\n<li style=\"font-size:16px\"><strong>Wp\u0142yw przyspieszonego wzrostu poziomu morza na na zmiany chemizmu osad\u00f3w i nat\u0119\u017cenia ich akumulacji w nadmorskich geosystemach rzecznych i jeziorno-bagiennych<\/strong>, nr N N305 336934 , 2007-2011 (<em>Principal Investigator<\/em>)<\/li>\n<\/ol>\n","protected":false},"excerpt":{"rendered":"<p>Current and past&nbsp;projects&nbsp;that I\u2019ve either lead as a PI or played a major role. Current projects Past projects<\/p>\n","protected":false},"author":1,"featured_media":0,"parent":0,"menu_order":0,"comment_status":"closed","ping_status":"closed","template":"","meta":{"footnotes":""},"class_list":["post-63","page","type-page","status-publish","hentry","no-post-thumbnail"],"_links":{"self":[{"href":"https:\/\/rzeszewski.org\/index.php\/wp-json\/wp\/v2\/pages\/63","targetHints":{"allow":["GET"]}}],"collection":[{"href":"https:\/\/rzeszewski.org\/index.php\/wp-json\/wp\/v2\/pages"}],"about":[{"href":"https:\/\/rzeszewski.org\/index.php\/wp-json\/wp\/v2\/types\/page"}],"author":[{"embeddable":true,"href":"https:\/\/rzeszewski.org\/index.php\/wp-json\/wp\/v2\/users\/1"}],"replies":[{"embeddable":true,"href":"https:\/\/rzeszewski.org\/index.php\/wp-json\/wp\/v2\/comments?post=63"}],"version-history":[{"count":12,"href":"https:\/\/rzeszewski.org\/index.php\/wp-json\/wp\/v2\/pages\/63\/revisions"}],"predecessor-version":[{"id":132,"href":"https:\/\/rzeszewski.org\/index.php\/wp-json\/wp\/v2\/pages\/63\/revisions\/132"}],"wp:attachment":[{"href":"https:\/\/rzeszewski.org\/index.php\/wp-json\/wp\/v2\/media?parent=63"}],"curies":[{"name":"wp","href":"https:\/\/api.w.org\/{rel}","templated":true}]}}