{"id":72,"date":"2023-05-04T14:40:50","date_gmt":"2023-05-04T14:40:50","guid":{"rendered":"https:\/\/rzeszewski.org\/?page_id=72"},"modified":"2024-10-14T21:46:07","modified_gmt":"2024-10-14T21:46:07","slug":"presentations","status":"publish","type":"page","link":"https:\/\/rzeszewski.org\/index.php\/presentations\/","title":{"rendered":"Presentations"},"content":{"rendered":"\n<p>I&#8217;ll try to provide slides in pdf formar for as many as I can.<\/p>\n\n\n\n<ol class=\"wp-block-list\">\n<li style=\"font-size:16px\">&#8220;Poza wirtualne wycieczki \u2013 rozszerzona, wirtualna i mieszana rzeczywisto\u015b\u0107 jako narz\u0119dzia geograficznej eksploracji, wsp\u00f3\u0142tworzenia i wsp\u00f3\u0142odczuwania \u015bwiata&#8221;, Konferencja Perspektywy kszta\u0142cenia geograficznego \u2013 trendy i wyzwania 2024, Pozna\u0144 [<a href=\"http:\/\/51.75.63.213\/tmp\/prezentacje\/Perspektywy_Ksztalcenia_konferencja_Rzeszewski.pdf\">POBIERZ<\/a>]<\/li>\n\n\n\n<li style=\"font-size:16px\">\u201eOtwarte dane. Jak budowa\u0107 funkcjonalne miasto oparte na polityce otwarto\u015bci?: Impact\u201921. Pozna\u0144 <\/li>\n\n\n\n<li style=\"font-size:16px\">Rzeszewski M., Evans L. 2021, \u201eVirtual spaces of social interaction during pandemic\u201d, AAG Annual Conference, Seattle<\/li>\n\n\n\n<li style=\"font-size:16px\">Rzeszewski M., 2021, \u201eGeoparki w wirtualnej rzeczywisto\u015bci &#8211; cyfrowa geografia w czasach pandemii\u201d, Polskie Geoparki \u2013 Dzie\u0144 Geografa i Geologa, Pozna\u0144<\/li>\n\n\n\n<li style=\"font-size:16px\">Rzeszewski M., 2021 \u201eWirtualne miejsca &#8211; bezpieczna przestrze\u0144 spo\u0142eczna w czasie pandemii\u201d, Seminarium geografii spo\u0142ecznej pt. &#8220;Cz\u0142owiek, przestrze\u0144 i miejsce&#8221;, Pozna\u0144<\/li>\n\n\n\n<li style=\"font-size:16px\">Evans L., Rzeszewski M., 2020 \u201eHermeneutic relations in VR: immersion, embodiment and HCI in VR gaming\u201d HCII 2020 Conference, Copenhagen<\/li>\n\n\n\n<li style=\"font-size:16px\">Rzeszewski M., 2020, \u201eWirtualna, rozszerzona i mieszana rzeczywisto\u015b\u0107 \u2013 nowe technologie i przestrzenie w dydaktyce i praktyce geografii spo\u0142eczno-ekonomicznej\u201d, Konferencja \u201eGeografia spo\u0142eczno-ekonomiczna, do\u015bwiadczenia, szanse i wyzwania w procesie kszta\u0142cenia\u201d, Pozna\u0144<\/li>\n\n\n\n<li style=\"font-size:16px\">Evans L., Rzeszewski M., 2019, \u201eEmbodiment creating space &amp; place in VR\u201d DGRG Annual Symposium, Geographies of Gaming and VR, Birmingham<\/li>\n\n\n\n<li style=\"font-size:16px\">Rzeszewski M., 2019, \u201eWirtualna, Rozszerzona i Mieszana Rzeczywisto\u015b\u0107 \u2013 nowe przestrzenie wsp\u00f3\u0142czesnych miast&#8221; GIS Day UAM, Pozna\u0144 <\/li>\n\n\n\n<li style=\"font-size:16px\">Rzeszewski M., Kotus J., 2018 &#8211; Place making or place-breaking \u2013 an idea for creating livable places or excluding practices of western spatial planning, Nowy Orlean<\/li>\n\n\n\n<li style=\"font-size:16px\">Rzeszewski M., Luczys P., 2018- Why should we care? Indifference toward the locational data grabbing practices, Nowy Orlean,<\/li>\n\n\n\n<li style=\"font-size:16px\">Rzeszewski M., Kotus J., 2018 &#8211; W stron\u0119 cyfrowych geografii &#8211; nowy zwrot, dyscyplina czy zbi\u00f3r metod? \u201eNowe problemy badawcze geografii spo\u0142eczno-ekonomicznej i gospodarki przestrzennej\u201d, Pozna\u0144<\/li>\n\n\n\n<li style=\"font-size:16px\">Rzeszewski M., 2018, \u201eG jak GIS, G jak GRY\u201d &#8211; cyfrowe geografie gier komputerowych\u201d, GIS Day UAM, Pozna\u0144<\/li>\n\n\n\n<li style=\"font-size:16px\">Rzeszewski M., Kotus J., 2017 &#8211; PPGIS mapping as a research practice \u2013 are we opening or limiting public discussion? Participatory mapping\/GIS, San Luis Obispo,<\/li>\n\n\n\n<li style=\"font-size:16px\">Rzeszewski M., Luczys P., 2017 &#8211; Care, indifference and anxiety &#8211; attitudes and perception towards location data collection and production in everyday life, RGS-IBG Annual International Conference, Londyn,<\/li>\n\n\n\n<li style=\"font-size:16px\">Kotus J., Rzeszewski M., 2017 &#8211; The communicational dimensions of place \u2013 beyond existing theories, RGS-IBG Annual International Conference, Londyn,<\/li>\n\n\n\n<li style=\"font-size:16px\">Kotus J., Rzeszewski M., 2017 &#8211; Internetowe platformy mapowe w partycypacji \u2013 narz\u0119dzie dla badacza czy bariera dla mieszka\u0144ca, Organizowanie wsp\u00f3\u0142czesnej przestrzeni miejskiej&#8221;, Warszawa<\/li>\n\n\n\n<li style=\"font-size:16px\">Luczys P., Rzeszewski M., 2017 &#8211; Geolokalizacyjne strategie prywatno\u015bci a kszta\u0142towanie cyberpejza\u017cy miejskich, Organizowanie wsp\u00f3\u0142czesnej przestrzeni miejskiej&#8221;, Warszawa<\/li>\n\n\n\n<li style=\"font-size:16px\">Rzeszewski M., Beluch \u0141., 2016 &#8211; Taxonomy of Twitter users \u2013 toward the understanding of geosocial media producers, Association of American Geographers Annual Meeting, San Francisco<\/li>\n\n\n\n<li style=\"font-size:16px\">Kotus J., Rzeszewski M., Sowada T., Pazder D., 2016 &#8211; Where is our Place? The Forced Rise of Bottom-up Neighborhood Movement in the Post-socialist City. RGS-IBG Annual International Conference, Londyn<\/li>\n\n\n\n<li style=\"font-size:16px\">Rzeszewski M., 2015 &#8211; Serwisy spo\u0142eczno\u015bciowe jako \u017ar\u00f3d\u0142o danych w badaniach przestrzeni miejskiej &#8211; krytyczna analiza, IV Konferencja \u201eGIS w nauce\u201d, Pozna\u0144<\/li>\n\n\n\n<li style=\"font-size:16px\">Rzeszewski M., Kotus J., 2014 &#8211; Supporting movement patterns research with qualitative sociological methods \u2013 gps tracks and focus group interviews. GISRUK 2014, Glasgow<\/li>\n\n\n\n<li style=\"font-size:16px\">Kotus J., Rzeszewski M,. 2014 &#8211; Tourists in spatial structures of post-socialist city: development of uncontrolled patchwork or planned idea? RGS-IBG Annual International Conference 2014, Londyn<\/li>\n\n\n\n<li style=\"font-size:16px\">Rzeszewski M., 2013 \u201eDigital image of the city during and after mega-event: Poznan, EURO 2012 and Twitter users\u201d &#8211; GISRUK 2013, Liverpool<\/li>\n\n\n\n<li style=\"font-size:16px\">Rangpur P., Sheppard J., Ewertowski M., Rzeszewski M., Tomczyk A., 2013 &#8211; Centralno\u015b\u0107 i peryferyjno\u015b\u0107 historycznych jednostek miejskich: integracja analiz GIS, teledetekcji oraz eksploracyjnej analizy danych do retrodykcji i modelowania sieci osadniczych. Konferencja naukowa \u201eMiasta XXI wieku\u201d, Opole<\/li>\n\n\n\n<li style=\"font-size:16px\">Ewertowski M. Ewertowski W. Rzeszewski M. Tomczyk A., 2013 &#8211; Wykorzystanie GIS do oceny uwarunkowa\u0144 rozwoju przestrzennego dla skali ponadlokalnej: problem harmonizacji i&nbsp;integracji danych z r\u00f3\u017cnych \u017ar\u00f3de\u0142. Konferencja naukowa \u201eMiasta XXI wieku\u201d, 19-21 maja 2013 r., Opole<\/li>\n\n\n\n<li style=\"font-size:16px\">Kotus J., Rzeszewski M., 2012. Between negative stigmatization and unordered gentrification. Case of one street of Poznan. AAG Annual Meeting, Nowy Jork.<\/li>\n\n\n\n<li style=\"font-size:16px\">Rzeszewski M., Kotus J., 2012. Guests in a City. A city in relation to visitors. UGRG Annual Conference &#8220;Mobile Urbanisms&#8221;, Londyn<\/li>\n\n\n\n<li style=\"font-size:16px\">Rzeszewski M., 2012. InterSecT &#8211; propozycja interdyscyplinarnej platformy badawczej opartej na Web-GIS. Konferencja &#8220;GIS w Nauce&#8221;, \u0141\u00f3d\u017a<\/li>\n\n\n\n<li style=\"font-size:16px\">Rzeszewski M., 2011 &#8211; Web-GIS jako interdyscyplinarne narz\u0119dzie badawcze w archeologii \u015brodowiskowej [W:] IX Zjazd Geomorfolog\u00f3w Polskich &#8220;Geor\u00f3\u017cnorodno\u015b\u0107 rze\u017aby Polski&#8221;, Pozna\u0144<\/li>\n\n\n\n<li style=\"font-size:16px\">Rzeszewski M., 2010 &#8211; The presence of shallow autocompaction in the back-barrier marsh of Gardno-Leba Coastal Plain. [W:] All at Sea -Synergies between past &amp; present coastal processes &amp; ecology, Loughborough, U.K<\/li>\n\n\n\n<li style=\"font-size:16px\">Rzeszewski M., Ewertowski M., 2009. Wykorzystanie cyfrowej analizy rze\u017aby terenu w geomorfologii glacjalnej na wybranych przyk\u0142adach z Wielkopolski. Konferencja Geomorfolog\u00f3w Polskich &#8211; Metody Bada\u0144 w Geomorfologii, Kielce.<\/li>\n\n\n\n<li style=\"font-size:16px\">Rzeszewski M., Ewertowski M., 2008, Introduction of project-based learning into traditional geography\/geoinformation learning programme. EUGISES 2008 &#8211; Sixth European GIS Education Seminar. Cirencester<\/li>\n\n\n\n<li style=\"font-size:16px\">Rzeszewski M., Jasiewicz J., Ewertowski M., 2008. Free and FOSS approach to digital terrain analysis. International Information Workshop \u201eEvaluating Free and Open Source Software for Geospatial (FOSS4G) for Environmental Applications. Warszawa<\/li>\n\n\n\n<li style=\"font-size:16px\">Rzeszewski M., Jasiewicz J., Ratajczak M., Kostecki R., 2008. Konstrukcja cyfrowych modeli rze\u017aby na obszarach problemowych w strefie wybrze\u017ca oraz na wybranych obszarach strefy nizinnej. Og\u00f3lnopolska konferencja \u201eHoloce\u0144skie przemiany wybrze\u017cy i w\u00f3d po\u0142udniowego Ba\u0142tyku \u2013 przyczyny, uwarunkowania i skutki, Smo\u0142dzino<\/li>\n\n\n\n<li style=\"font-size:16px\">Ewertowski M., Rzeszewski M., 2007. Changes of glaciers extent: Using GIS to integration of maps, remote sensing material and field surveying. Petuniabukta, Central Spitsbergen case stydy. 10th AGILE International Conference on Geographic Information Science: The European Information Society: Leading the way with Geoinformation, Aalborg University<\/li>\n\n\n\n<li style=\"font-size:16px\">Ewertowski M., Rzeszewski M., 2006 Using DEM to recognize Possible Minor Stays of Vistualian (Weichselian) ice-sheet margin in the Wielkopolska Lowland. International Symposium on Terrain Analysis and Digital Terrain Modelling (TADTM 2006), Nanjing<\/li>\n<\/ol>\n","protected":false},"excerpt":{"rendered":"<p>I&#8217;ll try to provide slides in pdf formar for as many as I can.<\/p>\n","protected":false},"author":1,"featured_media":0,"parent":0,"menu_order":0,"comment_status":"closed","ping_status":"closed","template":"","meta":{"footnotes":""},"class_list":["post-72","page","type-page","status-publish","hentry","no-post-thumbnail"],"_links":{"self":[{"href":"https:\/\/rzeszewski.org\/index.php\/wp-json\/wp\/v2\/pages\/72","targetHints":{"allow":["GET"]}}],"collection":[{"href":"https:\/\/rzeszewski.org\/index.php\/wp-json\/wp\/v2\/pages"}],"about":[{"href":"https:\/\/rzeszewski.org\/index.php\/wp-json\/wp\/v2\/types\/page"}],"author":[{"embeddable":true,"href":"https:\/\/rzeszewski.org\/index.php\/wp-json\/wp\/v2\/users\/1"}],"replies":[{"embeddable":true,"href":"https:\/\/rzeszewski.org\/index.php\/wp-json\/wp\/v2\/comments?post=72"}],"version-history":[{"count":5,"href":"https:\/\/rzeszewski.org\/index.php\/wp-json\/wp\/v2\/pages\/72\/revisions"}],"predecessor-version":[{"id":135,"href":"https:\/\/rzeszewski.org\/index.php\/wp-json\/wp\/v2\/pages\/72\/revisions\/135"}],"wp:attachment":[{"href":"https:\/\/rzeszewski.org\/index.php\/wp-json\/wp\/v2\/media?parent=72"}],"curies":[{"name":"wp","href":"https:\/\/api.w.org\/{rel}","templated":true}]}}